{"id":3892,"date":"2024-04-29T12:06:24","date_gmt":"2024-04-29T11:06:24","guid":{"rendered":"https:\/\/saintjeandecosse.fr\/?page_id=3892"},"modified":"2025-07-26T21:35:26","modified_gmt":"2025-07-26T19:35:26","slug":"bienvenue-sur-le-site-internet-de-saint-jean-decosse","status":"publish","type":"page","link":"https:\/\/saintjeandecosse.fr\/","title":{"rendered":"Bienvenue sur le site Internet de Saint Jean d&rsquo;\u00c9cosse"},"content":{"rendered":"\n<figure class=\"wp-block-gallery has-nested-images columns-default is-cropped wp-block-gallery-1 is-layout-flex wp-block-gallery-is-layout-flex\">\n<figure class=\"wp-block-image size-large\"><img data-recalc-dims=\"1\" loading=\"lazy\" decoding=\"async\" width=\"400\" height=\"400\" data-id=\"1246\" src=\"https:\/\/i0.wp.com\/saintjeandecosse.fr\/wp-content\/uploads\/2020\/10\/gldf.png?resize=400%2C400&#038;ssl=1\" alt=\"\" class=\"wp-image-1246\" srcset=\"https:\/\/i0.wp.com\/saintjeandecosse.fr\/wp-content\/uploads\/2020\/10\/gldf.png?w=400&amp;ssl=1 400w, https:\/\/i0.wp.com\/saintjeandecosse.fr\/wp-content\/uploads\/2020\/10\/gldf.png?resize=300%2C300&amp;ssl=1 300w, https:\/\/i0.wp.com\/saintjeandecosse.fr\/wp-content\/uploads\/2020\/10\/gldf.png?resize=150%2C150&amp;ssl=1 150w\" sizes=\"auto, (max-width: 400px) 100vw, 400px\" \/><\/figure>\n\n\n\n<figure class=\"wp-block-image size-large\"><img data-recalc-dims=\"1\" loading=\"lazy\" decoding=\"async\" width=\"474\" height=\"474\" data-id=\"1000\" src=\"https:\/\/i0.wp.com\/saintjeandecosse.fr\/wp-content\/uploads\/2020\/10\/cropped-logo-512-par-512.png?resize=474%2C474&#038;ssl=1\" alt=\"\" class=\"wp-image-1000\" srcset=\"https:\/\/i0.wp.com\/saintjeandecosse.fr\/wp-content\/uploads\/2020\/10\/cropped-logo-512-par-512.png?w=512&amp;ssl=1 512w, https:\/\/i0.wp.com\/saintjeandecosse.fr\/wp-content\/uploads\/2020\/10\/cropped-logo-512-par-512.png?resize=300%2C300&amp;ssl=1 300w, https:\/\/i0.wp.com\/saintjeandecosse.fr\/wp-content\/uploads\/2020\/10\/cropped-logo-512-par-512.png?resize=150%2C150&amp;ssl=1 150w\" sizes=\"auto, (max-width: 474px) 100vw, 474px\" \/><\/figure>\n<\/figure>\n\n\n\n<p>Saint Jean d&rsquo;\u00c9cosse, m\u00e8re Loge \u00e9cossaise de Marseille, a pour vocation de participer au rayonnement de la Grande Loge de France \u00e0 Marseille et dans sa r\u00e9gion.<\/p>\n\n\n\n<hr class=\"wp-block-separator has-alpha-channel-opacity\"\/>\n\n\n\n<h2 class=\"wp-block-heading\">Nos derni\u00e8res actualit\u00e9s:<\/h2>\n\n\n<ul class=\"wp-block-latest-posts__list is-grid columns-2 has-dates wp-block-latest-posts\"><li><div class=\"wp-block-latest-posts__featured-image\"><img loading=\"lazy\" decoding=\"async\" width=\"150\" height=\"110\" src=\"https:\/\/i0.wp.com\/saintjeandecosse.fr\/wp-content\/uploads\/2025\/09\/Logor450FM.jpg?resize=150%2C110&amp;ssl=1\" class=\"attachment-thumbnail size-thumbnail wp-post-image\" alt=\"\" style=\"\" \/><\/div><a class=\"wp-block-latest-posts__post-title\" href=\"https:\/\/saintjeandecosse.fr\/?p=5745\">Le ch\u00e2teau Saint-Antoine \u00e0 l&rsquo;honneur sur 450.fm<\/a><time datetime=\"2025-09-15T17:00:00+02:00\" class=\"wp-block-latest-posts__post-date\">15 septembre 2025<\/time><div class=\"wp-block-latest-posts__post-excerpt\">Le ch\u00e2teau Saint-Antoine, H\u00f4tel de la Grande Loge de France, est le si\u00e8ge de notre Respectable Loge Saint Jean d&rsquo;\u00c9cosse. Un article nous est consacr\u00e9, &hellip; <a href=\"https:\/\/saintjeandecosse.fr\/?p=5745\" class=\"more-link\">Continuer la lecture de <span class=\"screen-reader-text\">Le ch\u00e2teau Saint-Antoine \u00e0 l&rsquo;honneur sur 450.fm<\/span>  <span class=\"meta-nav\">&rarr;<\/span><\/a><\/div><\/li>\n<li><div class=\"wp-block-latest-posts__featured-image\"><img loading=\"lazy\" decoding=\"async\" width=\"150\" height=\"150\" src=\"https:\/\/i0.wp.com\/saintjeandecosse.fr\/wp-content\/uploads\/2025\/09\/Zavroni-devant-livres.jpg?resize=150%2C150&amp;ssl=1\" class=\"attachment-thumbnail size-thumbnail wp-post-image\" alt=\"\" style=\"\" srcset=\"https:\/\/i0.wp.com\/saintjeandecosse.fr\/wp-content\/uploads\/2025\/09\/Zavroni-devant-livres.jpg?resize=150%2C150&amp;ssl=1 150w, https:\/\/i0.wp.com\/saintjeandecosse.fr\/wp-content\/uploads\/2025\/09\/Zavroni-devant-livres.jpg?zoom=2&amp;resize=150%2C150&amp;ssl=1 300w\" sizes=\"auto, (max-width: 150px) 100vw, 150px\" \/><\/div><a class=\"wp-block-latest-posts__post-title\" href=\"https:\/\/saintjeandecosse.fr\/?p=5714\">Samedi 20 septembre, \u00e0 18 heures, conf\u00e9rence publique dans le cadre des Journ\u00e9es Europ\u00e9ennes du Patrimoine<\/a><time datetime=\"2025-09-02T16:48:57+02:00\" class=\"wp-block-latest-posts__post-date\">2 septembre 2025<\/time><div class=\"wp-block-latest-posts__post-excerpt\">Le Tr\u00e8s Respectable Fr\u00e8re Thierry Zaveroni, Pass\u00e9 Grand Ma\u00eetre de la Grande Loge de France, prononcera une conf\u00e9rence sur le th\u00e8me: \u00ab&nbsp;La rencontre entre l\u2019histoire &hellip; <a href=\"https:\/\/saintjeandecosse.fr\/?p=5714\" class=\"more-link\">Continuer la lecture de <span class=\"screen-reader-text\">Samedi 20 septembre, \u00e0 18 heures, conf\u00e9rence publique dans le cadre des Journ\u00e9es Europ\u00e9ennes du Patrimoine<\/span>  <span class=\"meta-nav\">&rarr;<\/span><\/a><\/div><\/li>\n<li><div class=\"wp-block-latest-posts__featured-image\"><img loading=\"lazy\" decoding=\"async\" width=\"150\" height=\"150\" src=\"https:\/\/i0.wp.com\/saintjeandecosse.fr\/wp-content\/uploads\/2025\/08\/Logo-JEP-2025-patrimoine-architectural.png?resize=150%2C150&amp;ssl=1\" class=\"attachment-thumbnail size-thumbnail wp-post-image\" alt=\"\" style=\"\" srcset=\"https:\/\/i0.wp.com\/saintjeandecosse.fr\/wp-content\/uploads\/2025\/08\/Logo-JEP-2025-patrimoine-architectural.png?resize=150%2C150&amp;ssl=1 150w, https:\/\/i0.wp.com\/saintjeandecosse.fr\/wp-content\/uploads\/2025\/08\/Logo-JEP-2025-patrimoine-architectural.png?zoom=2&amp;resize=150%2C150&amp;ssl=1 300w, https:\/\/i0.wp.com\/saintjeandecosse.fr\/wp-content\/uploads\/2025\/08\/Logo-JEP-2025-patrimoine-architectural.png?zoom=3&amp;resize=150%2C150&amp;ssl=1 450w\" sizes=\"auto, (max-width: 150px) 100vw, 150px\" \/><\/div><a class=\"wp-block-latest-posts__post-title\" href=\"https:\/\/saintjeandecosse.fr\/?p=5696\">Le Ch\u00e2teau Saint-Antoine au programme des Journ\u00e9es Europ\u00e9ennes du Patrimoine<\/a><time datetime=\"2025-08-28T15:00:00+02:00\" class=\"wp-block-latest-posts__post-date\">28 ao\u00fbt 2025<\/time><div class=\"wp-block-latest-posts__post-excerpt\">Comme les ann\u00e9es pr\u00e9c\u00e9dentes, le Ch\u00e2teau Saint-Antoine sera ouvert au public samedi 20 et dimanche 21 pour les Journ\u00e9es Europ\u00e9ennes du Patrimoine. Il figure sur &hellip; <a href=\"https:\/\/saintjeandecosse.fr\/?p=5696\" class=\"more-link\">Continuer la lecture de <span class=\"screen-reader-text\">Le Ch\u00e2teau Saint-Antoine au programme des Journ\u00e9es Europ\u00e9ennes du Patrimoine<\/span>  <span class=\"meta-nav\">&rarr;<\/span><\/a><\/div><\/li>\n<li><div class=\"wp-block-latest-posts__featured-image\"><img loading=\"lazy\" decoding=\"async\" width=\"150\" height=\"150\" src=\"https:\/\/i0.wp.com\/saintjeandecosse.fr\/wp-content\/uploads\/2025\/08\/Notton-01.jpg?resize=150%2C150&amp;ssl=1\" class=\"attachment-thumbnail size-thumbnail wp-post-image\" alt=\"\" style=\"\" srcset=\"https:\/\/i0.wp.com\/saintjeandecosse.fr\/wp-content\/uploads\/2025\/08\/Notton-01.jpg?resize=150%2C150&amp;ssl=1 150w, https:\/\/i0.wp.com\/saintjeandecosse.fr\/wp-content\/uploads\/2025\/08\/Notton-01.jpg?zoom=2&amp;resize=150%2C150&amp;ssl=1 300w\" sizes=\"auto, (max-width: 150px) 100vw, 150px\" \/><\/div><a class=\"wp-block-latest-posts__post-title\" href=\"https:\/\/saintjeandecosse.fr\/?p=5690\">Interview de Jean-Rapha\u00ebl Notton Grand Ma\u00eetre de la Grande Loge de France<\/a><time datetime=\"2025-08-21T21:07:05+02:00\" class=\"wp-block-latest-posts__post-date\">21 ao\u00fbt 2025<\/time><div class=\"wp-block-latest-posts__post-excerpt\">Retrouvez cet interview sur le site Internet 450.fm. https:\/\/450.fm\/2025\/08\/20\/exclusif-interview-de-jean-raphael-notton-grand-maitre-de-la-grande-loge-de-france\/<\/div><\/li>\n<\/ul>","protected":false},"excerpt":{"rendered":"<p>Saint Jean d&rsquo;\u00c9cosse, m\u00e8re Loge \u00e9cossaise de Marseille, a pour vocation de participer au rayonnement de la Grande Loge de France \u00e0 Marseille et dans sa r\u00e9gion. Nos derni\u00e8res actualit\u00e9s:<\/p>\n","protected":false},"author":158175785,"featured_media":0,"parent":0,"menu_order":0,"comment_status":"closed","ping_status":"closed","template":"","meta":{"_coblocks_attr":"","_coblocks_dimensions":"","_coblocks_responsive_height":"","_coblocks_accordion_ie_support":"","footnotes":""},"class_list":["post-3892","page","type-page","status-publish","hentry"],"jetpack_sharing_enabled":true,"_links":{"self":[{"href":"https:\/\/saintjeandecosse.fr\/index.php?rest_route=\/wp\/v2\/pages\/3892","targetHints":{"allow":["GET"]}}],"collection":[{"href":"https:\/\/saintjeandecosse.fr\/index.php?rest_route=\/wp\/v2\/pages"}],"about":[{"href":"https:\/\/saintjeandecosse.fr\/index.php?rest_route=\/wp\/v2\/types\/page"}],"author":[{"embeddable":true,"href":"https:\/\/saintjeandecosse.fr\/index.php?rest_route=\/wp\/v2\/users\/158175785"}],"replies":[{"embeddable":true,"href":"https:\/\/saintjeandecosse.fr\/index.php?rest_route=%2Fwp%2Fv2%2Fcomments&post=3892"}],"version-history":[{"count":0,"href":"https:\/\/saintjeandecosse.fr\/index.php?rest_route=\/wp\/v2\/pages\/3892\/revisions"}],"wp:attachment":[{"href":"https:\/\/saintjeandecosse.fr\/index.php?rest_route=%2Fwp%2Fv2%2Fmedia&parent=3892"}],"curies":[{"name":"wp","href":"https:\/\/api.w.org\/{rel}","templated":true}]}}